{"id":1667,"date":"2025-12-03T21:59:16","date_gmt":"2025-12-03T20:59:16","guid":{"rendered":"https:\/\/hono.tn\/?post_type=product&#038;p=1667"},"modified":"2026-01-06T23:47:00","modified_gmt":"2026-01-06T22:47:00","slug":"porte-chaussure","status":"publish","type":"product","link":"https:\/\/hono.tn\/index.php\/product\/porte-chaussure\/","title":{"rendered":"Porte chaussure"},"content":{"rendered":"<p>Lorem ipsum dolor sit amet, consectetur adipiscing elit, sed do eiusmod tempor incididunt ut labore et dolore magna aliqua. Ut enim ad minim veniam, quis nostrud exercitation ullamco laboris nisi ut aliquip ex ea commodo consequat. Duis aute irure dolor in reprehenderit in voluptate velit esse cillum dolore eu fugiat nulla pariatur. Excepteur sint occaecat cupidatat non proident, sunt in culpa qui officia deserunt mollit anim id est laborum.<\/p>\n","protected":false},"excerpt":{"rendered":"<p>Porte-chaussures pratique et moderne, con\u00e7ue pour organiser parfaitement votre espace. Avec deux niveaux de rangement, une structure solide et une finition \u00e9l\u00e9gante, il accueille six paires en toute simplicit\u00e9.<\/p>\n","protected":false},"featured_media":1668,"comment_status":"open","ping_status":"closed","template":"","meta":[],"product_brand":[],"product_cat":[93,97],"product_tag":[],"class_list":{"0":"post-1667","1":"product","2":"type-product","3":"status-publish","4":"has-post-thumbnail","6":"product_cat-meuble","7":"product_cat-news","8":"pa_color-light-ivory","9":"piece-entrance-and-hall","10":"piece-dryer","11":"collection-kara","13":"first","14":"instock","15":"shipping-taxable","16":"purchasable","17":"product-type-simple"},"_links":{"self":[{"href":"https:\/\/hono.tn\/index.php\/wp-json\/wp\/v2\/product\/1667","targetHints":{"allow":["GET"]}}],"collection":[{"href":"https:\/\/hono.tn\/index.php\/wp-json\/wp\/v2\/product"}],"about":[{"href":"https:\/\/hono.tn\/index.php\/wp-json\/wp\/v2\/types\/product"}],"replies":[{"embeddable":true,"href":"https:\/\/hono.tn\/index.php\/wp-json\/wp\/v2\/comments?post=1667"}],"wp:featuredmedia":[{"embeddable":true,"href":"https:\/\/hono.tn\/index.php\/wp-json\/wp\/v2\/media\/1668"}],"wp:attachment":[{"href":"https:\/\/hono.tn\/index.php\/wp-json\/wp\/v2\/media?parent=1667"}],"wp:term":[{"taxonomy":"product_brand","embeddable":true,"href":"https:\/\/hono.tn\/index.php\/wp-json\/wp\/v2\/product_brand?post=1667"},{"taxonomy":"product_cat","embeddable":true,"href":"https:\/\/hono.tn\/index.php\/wp-json\/wp\/v2\/product_cat?post=1667"},{"taxonomy":"product_tag","embeddable":true,"href":"https:\/\/hono.tn\/index.php\/wp-json\/wp\/v2\/product_tag?post=1667"}],"curies":[{"name":"wp","href":"https:\/\/api.w.org\/{rel}","templated":true}]}}