{"id":1437,"date":"2025-11-11T22:20:06","date_gmt":"2025-11-11T21:20:06","guid":{"rendered":"http:\/\/localhost\/wordpress\/?page_id=1437"},"modified":"2025-12-20T20:59:45","modified_gmt":"2025-12-20T19:59:45","slug":"promotions","status":"publish","type":"page","link":"https:\/\/hono.tn\/index.php\/promotions\/","title":{"rendered":"Promotions"},"content":{"rendered":"<div class=\"woocommerce columns-4 \"><ul class=\"products columns-4\" data-products=\"type-1\" data-hover=\"zoom-in\">\n<li class=\"product type-product post-2235 status-publish first instock product_cat-meuble product_cat-news product_cat-promotions product_cat-tables has-post-thumbnail sale taxable shipping-taxable purchasable product-type-variable\">\n\t<a href=\"https:\/\/hono.tn\/index.php\/product\/console-dentre\/\" class=\"woocommerce-LoopProduct-link woocommerce-loop-product__link\">\n\t<span class=\"onsale\" data-shape=\"type-1\">9% OFF<\/span>\n\t<img fetchpriority=\"high\" decoding=\"async\" width=\"300\" height=\"300\" src=\"https:\/\/hono.tn\/wp-content\/uploads\/2025\/12\/article-5-rendu-1-noir-1-300x300.png\" class=\"attachment-woocommerce_thumbnail size-woocommerce_thumbnail\" alt=\"Console d\u2019entr\u00e9\" srcset=\"https:\/\/hono.tn\/wp-content\/uploads\/2025\/12\/article-5-rendu-1-noir-1-300x300.png 300w, https:\/\/hono.tn\/wp-content\/uploads\/2025\/12\/article-5-rendu-1-noir-1-150x150.png 150w, https:\/\/hono.tn\/wp-content\/uploads\/2025\/12\/article-5-rendu-1-noir-1-100x100.png 100w, https:\/\/hono.tn\/wp-content\/uploads\/2025\/12\/article-5-rendu-1-noir-1-50x50.png 50w\" sizes=\"(max-width: 300px) 100vw, 300px\" \/><h2 class=\"woocommerce-loop-product__title\">Console d\u2019entr\u00e9<\/h2>\n\t<span class=\"price\"><span class=\"sale-price\"><del aria-hidden=\"true\"><span class=\"woocommerce-Price-amount amount\"><bdi>350,000 <span class=\"woocommerce-Price-currencySymbol\">TND<\/span><\/bdi><\/span><\/del> <span class=\"screen-reader-text\">Le prix initial \u00e9tait\u00a0: 350,000 TND.<\/span><ins aria-hidden=\"true\"><span class=\"woocommerce-Price-amount amount\"><bdi>320,000 <span class=\"woocommerce-Price-currencySymbol\">TND<\/span><\/bdi><\/span><\/ins><span class=\"screen-reader-text\">Le prix actuel est\u00a0: 320,000 TND.<\/span><\/span><\/span>\n<\/a><div class=\"tinv-wraper woocommerce tinv-wishlist tinvwl-before-add-to-cart tinvwl-loop-button-wrapper tinvwl-woocommerce_after_shop_loop_item\"\r\n\t data-tinvwl_product_id=\"2235\">\r\n\t<a role=\"button\" tabindex=\"0\" name=\"ajouter-la-liste-de-souhaits\" aria-label=\"Ajouter &agrave; la liste de souhaits\" class=\"tinvwl_add_to_wishlist_button tinvwl-icon-custom no-txt  tinvwl-position-before tinvwl-loop\" data-tinv-wl-list=\"[]\" data-tinv-wl-product=\"2235\" data-tinv-wl-productvariation=\"0\" data-tinv-wl-productvariations=\"[0]\" data-tinv-wl-producttype=\"variable\" data-tinv-wl-action=\"add\"><img decoding=\"async\" src=\"https:\/\/hono.tn\/wp-content\/uploads\/2025\/12\/heart-on.png\" alt=\"Already In Wishlist\" class=\"icon-already-on-wishlist\" \/> <img decoding=\"async\" src=\"https:\/\/hono.tn\/wp-content\/uploads\/2025\/12\/favorite.png\" alt=\"Ajouter &agrave; la liste de souhaits\" class=\"icon-add-on-wishlist\"  \/> <\/a><div class=\"tinv-wishlist-clear\"><\/div>\t\t<div\r\n\t\tclass=\"tinvwl-tooltip\">Ajouter &agrave; la liste de souhaits<\/div>\r\n<\/div>\r\n<a href=\"https:\/\/hono.tn\/index.php\/product\/console-dentre\/\" aria-describedby=\"woocommerce_loop_add_to_cart_link_describedby_2235\" data-quantity=\"1\" class=\"button product_type_variable add_to_cart_button\" data-product_id=\"2235\" data-product_sku=\"\" aria-label=\"S\u00e9lectionner les options pour &ldquo;Console d\u2019entr\u00e9&rdquo;\" rel=\"nofollow\">Choix des options<\/a>\t<span id=\"woocommerce_loop_add_to_cart_link_describedby_2235\" class=\"screen-reader-text\">\n\t\tCe produit a plusieurs variations. Les options peuvent \u00eatre choisies sur la page du produit\t<\/span>\n<\/li>\n<li class=\"product type-product post-593 status-publish instock product_cat-chairs product_cat-news product_cat-promotions has-post-thumbnail sale taxable shipping-taxable purchasable product-type-simple\">\n\t<a href=\"https:\/\/hono.tn\/index.php\/product\/tallest-chair\/\" class=\"woocommerce-LoopProduct-link woocommerce-loop-product__link\">\n\t<span class=\"onsale\" data-shape=\"type-1\">9% OFF<\/span>\n\t<img decoding=\"async\" width=\"300\" height=\"300\" src=\"https:\/\/hono.tn\/wp-content\/uploads\/2021\/04\/chair-7@2x-300x300.jpg\" class=\"attachment-woocommerce_thumbnail size-woocommerce_thumbnail\" alt=\"Tallest Chair\" srcset=\"https:\/\/hono.tn\/wp-content\/uploads\/2021\/04\/chair-7@2x-300x300.jpg 300w, https:\/\/hono.tn\/wp-content\/uploads\/2021\/04\/chair-7@2x-100x100.jpg 100w, https:\/\/hono.tn\/wp-content\/uploads\/2021\/04\/chair-7@2x-150x150.jpg 150w\" sizes=\"(max-width: 300px) 100vw, 300px\" \/><h2 class=\"woocommerce-loop-product__title\">Tallest Chair<\/h2><div class=\"star-rating\" role=\"img\" aria-label=\"Note 4.50 sur 5\"><span style=\"width:90%\">Note <strong class=\"rating\">4.50<\/strong> sur 5<\/span><\/div>\n\t<span class=\"price\"><span class=\"sale-price\"><del aria-hidden=\"true\"><span class=\"woocommerce-Price-amount amount\"><bdi>55,000 <span class=\"woocommerce-Price-currencySymbol\">TND<\/span><\/bdi><\/span><\/del> <span class=\"screen-reader-text\">Le prix initial \u00e9tait\u00a0: 55,000 TND.<\/span><ins aria-hidden=\"true\"><span class=\"woocommerce-Price-amount amount\"><bdi>50,000 <span class=\"woocommerce-Price-currencySymbol\">TND<\/span><\/bdi><\/span><\/ins><span class=\"screen-reader-text\">Le prix actuel est\u00a0: 50,000 TND.<\/span><\/span><\/span>\n<\/a><div class=\"tinv-wraper woocommerce tinv-wishlist tinvwl-before-add-to-cart tinvwl-loop-button-wrapper tinvwl-woocommerce_after_shop_loop_item\"\r\n\t data-tinvwl_product_id=\"593\">\r\n\t<a role=\"button\" tabindex=\"0\" name=\"ajouter-la-liste-de-souhaits\" aria-label=\"Ajouter &agrave; la liste de souhaits\" class=\"tinvwl_add_to_wishlist_button tinvwl-icon-custom no-txt  tinvwl-position-before tinvwl-loop\" data-tinv-wl-list=\"[]\" data-tinv-wl-product=\"593\" data-tinv-wl-productvariation=\"0\" data-tinv-wl-productvariations=\"[]\" data-tinv-wl-producttype=\"simple\" data-tinv-wl-action=\"add\"><img decoding=\"async\" src=\"https:\/\/hono.tn\/wp-content\/uploads\/2025\/12\/heart-on.png\" alt=\"Already In Wishlist\" class=\"icon-already-on-wishlist\" \/> <img decoding=\"async\" src=\"https:\/\/hono.tn\/wp-content\/uploads\/2025\/12\/favorite.png\" alt=\"Ajouter &agrave; la liste de souhaits\" class=\"icon-add-on-wishlist\"  \/> <\/a><div class=\"tinv-wishlist-clear\"><\/div>\t\t<div\r\n\t\tclass=\"tinvwl-tooltip\">Ajouter &agrave; la liste de souhaits<\/div>\r\n<\/div>\r\n<a href=\"\/index.php\/wp-json\/wp\/v2\/pages\/1437?add-to-cart=593\" aria-describedby=\"woocommerce_loop_add_to_cart_link_describedby_593\" data-quantity=\"1\" class=\"button product_type_simple add_to_cart_button ajax_add_to_cart\" data-product_id=\"593\" data-product_sku=\"\" aria-label=\"Ajouter au panier\u00a0: &ldquo;Tallest Chair&rdquo;\" rel=\"nofollow\" data-success_message=\"\u00ab\u00a0Tallest Chair\u00a0\u00bb a \u00e9t\u00e9 ajout\u00e9 \u00e0 votre panier\" role=\"button\">Ajouter au panier<\/a>\t<span id=\"woocommerce_loop_add_to_cart_link_describedby_593\" class=\"screen-reader-text\">\n\t\t\t<\/span>\n<\/li>\n<li class=\"product type-product post-587 status-publish instock product_cat-news product_cat-promotions product_cat-sofas has-post-thumbnail sale taxable shipping-taxable purchasable product-type-simple\">\n\t<a href=\"https:\/\/hono.tn\/index.php\/product\/simple-sofa\/\" class=\"woocommerce-LoopProduct-link woocommerce-loop-product__link\">\n\t<span class=\"onsale\" data-shape=\"type-1\">17% OFF<\/span>\n\t<img decoding=\"async\" width=\"300\" height=\"300\" src=\"https:\/\/hono.tn\/wp-content\/uploads\/2021\/04\/sofa-1@2x-300x300.jpg\" class=\"attachment-woocommerce_thumbnail size-woocommerce_thumbnail\" alt=\"Simple Sofa\" srcset=\"https:\/\/hono.tn\/wp-content\/uploads\/2021\/04\/sofa-1@2x-300x300.jpg 300w, https:\/\/hono.tn\/wp-content\/uploads\/2021\/04\/sofa-1@2x-100x100.jpg 100w, https:\/\/hono.tn\/wp-content\/uploads\/2021\/04\/sofa-1@2x-150x150.jpg 150w\" sizes=\"(max-width: 300px) 100vw, 300px\" \/><h2 class=\"woocommerce-loop-product__title\">Simple Sofa<\/h2>\n\t<span class=\"price\"><span class=\"sale-price\"><del aria-hidden=\"true\"><span class=\"woocommerce-Price-amount amount\"><bdi>120,000 <span class=\"woocommerce-Price-currencySymbol\">TND<\/span><\/bdi><\/span><\/del> <span class=\"screen-reader-text\">Le prix initial \u00e9tait\u00a0: 120,000 TND.<\/span><ins aria-hidden=\"true\"><span class=\"woocommerce-Price-amount amount\"><bdi>100,000 <span class=\"woocommerce-Price-currencySymbol\">TND<\/span><\/bdi><\/span><\/ins><span class=\"screen-reader-text\">Le prix actuel est\u00a0: 100,000 TND.<\/span><\/span><\/span>\n<\/a><div class=\"tinv-wraper woocommerce tinv-wishlist tinvwl-before-add-to-cart tinvwl-loop-button-wrapper tinvwl-woocommerce_after_shop_loop_item\"\r\n\t data-tinvwl_product_id=\"587\">\r\n\t<a role=\"button\" tabindex=\"0\" name=\"ajouter-la-liste-de-souhaits\" aria-label=\"Ajouter &agrave; la liste de souhaits\" class=\"tinvwl_add_to_wishlist_button tinvwl-icon-custom no-txt  tinvwl-position-before tinvwl-loop\" data-tinv-wl-list=\"[]\" data-tinv-wl-product=\"587\" data-tinv-wl-productvariation=\"0\" data-tinv-wl-productvariations=\"[]\" data-tinv-wl-producttype=\"simple\" data-tinv-wl-action=\"add\"><img decoding=\"async\" src=\"https:\/\/hono.tn\/wp-content\/uploads\/2025\/12\/heart-on.png\" alt=\"Already In Wishlist\" class=\"icon-already-on-wishlist\" \/> <img decoding=\"async\" src=\"https:\/\/hono.tn\/wp-content\/uploads\/2025\/12\/favorite.png\" alt=\"Ajouter &agrave; la liste de souhaits\" class=\"icon-add-on-wishlist\"  \/> <\/a><div class=\"tinv-wishlist-clear\"><\/div>\t\t<div\r\n\t\tclass=\"tinvwl-tooltip\">Ajouter &agrave; la liste de souhaits<\/div>\r\n<\/div>\r\n<a href=\"\/index.php\/wp-json\/wp\/v2\/pages\/1437?add-to-cart=587\" aria-describedby=\"woocommerce_loop_add_to_cart_link_describedby_587\" data-quantity=\"1\" class=\"button product_type_simple add_to_cart_button ajax_add_to_cart\" data-product_id=\"587\" data-product_sku=\"\" aria-label=\"Ajouter au panier\u00a0: &ldquo;Simple Sofa&rdquo;\" rel=\"nofollow\" data-success_message=\"\u00ab\u00a0Simple Sofa\u00a0\u00bb a \u00e9t\u00e9 ajout\u00e9 \u00e0 votre panier\" role=\"button\">Ajouter au panier<\/a>\t<span id=\"woocommerce_loop_add_to_cart_link_describedby_587\" class=\"screen-reader-text\">\n\t\t\t<\/span>\n<\/li>\n<li class=\"product type-product post-577 status-publish last instock product_cat-news product_cat-promotions product_cat-tables has-post-thumbnail sale taxable shipping-taxable purchasable product-type-simple\">\n\t<a href=\"https:\/\/hono.tn\/index.php\/product\/wooden-table\/\" class=\"woocommerce-LoopProduct-link woocommerce-loop-product__link\">\n\t<span class=\"onsale\" data-shape=\"type-1\">25% OFF<\/span>\n\t<img loading=\"lazy\" decoding=\"async\" width=\"300\" height=\"300\" src=\"https:\/\/hono.tn\/wp-content\/uploads\/2021\/04\/table-1@2x-300x300.jpg\" class=\"attachment-woocommerce_thumbnail size-woocommerce_thumbnail\" alt=\"Wooden Table\" srcset=\"https:\/\/hono.tn\/wp-content\/uploads\/2021\/04\/table-1@2x-300x300.jpg 300w, https:\/\/hono.tn\/wp-content\/uploads\/2021\/04\/table-1@2x-100x100.jpg 100w, https:\/\/hono.tn\/wp-content\/uploads\/2021\/04\/table-1@2x-150x150.jpg 150w\" sizes=\"(max-width: 300px) 100vw, 300px\" \/><h2 class=\"woocommerce-loop-product__title\">Wooden Table<\/h2>\n\t<span class=\"price\"><span class=\"sale-price\"><del aria-hidden=\"true\"><span class=\"woocommerce-Price-amount amount\"><bdi>80,000 <span class=\"woocommerce-Price-currencySymbol\">TND<\/span><\/bdi><\/span><\/del> <span class=\"screen-reader-text\">Le prix initial \u00e9tait\u00a0: 80,000 TND.<\/span><ins aria-hidden=\"true\"><span class=\"woocommerce-Price-amount amount\"><bdi>60,000 <span class=\"woocommerce-Price-currencySymbol\">TND<\/span><\/bdi><\/span><\/ins><span class=\"screen-reader-text\">Le prix actuel est\u00a0: 60,000 TND.<\/span><\/span><\/span>\n<\/a><div class=\"tinv-wraper woocommerce tinv-wishlist tinvwl-before-add-to-cart tinvwl-loop-button-wrapper tinvwl-woocommerce_after_shop_loop_item\"\r\n\t data-tinvwl_product_id=\"577\">\r\n\t<a role=\"button\" tabindex=\"0\" name=\"ajouter-la-liste-de-souhaits\" aria-label=\"Ajouter &agrave; la liste de souhaits\" class=\"tinvwl_add_to_wishlist_button tinvwl-icon-custom no-txt  tinvwl-position-before tinvwl-loop\" data-tinv-wl-list=\"[]\" data-tinv-wl-product=\"577\" data-tinv-wl-productvariation=\"0\" data-tinv-wl-productvariations=\"[]\" data-tinv-wl-producttype=\"simple\" data-tinv-wl-action=\"add\"><img decoding=\"async\" src=\"https:\/\/hono.tn\/wp-content\/uploads\/2025\/12\/heart-on.png\" alt=\"Already In Wishlist\" class=\"icon-already-on-wishlist\" \/> <img decoding=\"async\" src=\"https:\/\/hono.tn\/wp-content\/uploads\/2025\/12\/favorite.png\" alt=\"Ajouter &agrave; la liste de souhaits\" class=\"icon-add-on-wishlist\"  \/> <\/a><div class=\"tinv-wishlist-clear\"><\/div>\t\t<div\r\n\t\tclass=\"tinvwl-tooltip\">Ajouter &agrave; la liste de souhaits<\/div>\r\n<\/div>\r\n<a href=\"\/index.php\/wp-json\/wp\/v2\/pages\/1437?add-to-cart=577\" aria-describedby=\"woocommerce_loop_add_to_cart_link_describedby_577\" data-quantity=\"1\" class=\"button product_type_simple add_to_cart_button ajax_add_to_cart\" data-product_id=\"577\" data-product_sku=\"\" aria-label=\"Ajouter au panier\u00a0: &ldquo;Wooden Table&rdquo;\" rel=\"nofollow\" data-success_message=\"\u00ab\u00a0Wooden Table\u00a0\u00bb a \u00e9t\u00e9 ajout\u00e9 \u00e0 votre panier\" role=\"button\">Ajouter au panier<\/a>\t<span id=\"woocommerce_loop_add_to_cart_link_describedby_577\" class=\"screen-reader-text\">\n\t\t\t<\/span>\n<\/li>\n<li class=\"product type-product post-287 status-publish first instock product_cat-chairs product_cat-news product_cat-promotions has-post-thumbnail sale taxable shipping-taxable purchasable product-type-simple\">\n\t<a href=\"https:\/\/hono.tn\/index.php\/product\/office-chair\/\" class=\"woocommerce-LoopProduct-link woocommerce-loop-product__link\">\n\t<span class=\"onsale\" data-shape=\"type-1\">29% OFF<\/span>\n\t<img loading=\"lazy\" decoding=\"async\" width=\"300\" height=\"300\" src=\"https:\/\/hono.tn\/wp-content\/uploads\/2021\/04\/chair-5@2x-300x300.jpg\" class=\"attachment-woocommerce_thumbnail size-woocommerce_thumbnail\" alt=\"Office chair\" srcset=\"https:\/\/hono.tn\/wp-content\/uploads\/2021\/04\/chair-5@2x-300x300.jpg 300w, https:\/\/hono.tn\/wp-content\/uploads\/2021\/04\/chair-5@2x-100x100.jpg 100w, https:\/\/hono.tn\/wp-content\/uploads\/2021\/04\/chair-5@2x-150x150.jpg 150w\" sizes=\"(max-width: 300px) 100vw, 300px\" \/><h2 class=\"woocommerce-loop-product__title\">Office chair<\/h2>\n\t<span class=\"price\"><span class=\"sale-price\"><del aria-hidden=\"true\"><span class=\"woocommerce-Price-amount amount\"><bdi>35,000 <span class=\"woocommerce-Price-currencySymbol\">TND<\/span><\/bdi><\/span><\/del> <span class=\"screen-reader-text\">Le prix initial \u00e9tait\u00a0: 35,000 TND.<\/span><ins aria-hidden=\"true\"><span class=\"woocommerce-Price-amount amount\"><bdi>25,000 <span class=\"woocommerce-Price-currencySymbol\">TND<\/span><\/bdi><\/span><\/ins><span class=\"screen-reader-text\">Le prix actuel est\u00a0: 25,000 TND.<\/span><\/span><\/span>\n<\/a><div class=\"tinv-wraper woocommerce tinv-wishlist tinvwl-before-add-to-cart tinvwl-loop-button-wrapper tinvwl-woocommerce_after_shop_loop_item\"\r\n\t data-tinvwl_product_id=\"287\">\r\n\t<a role=\"button\" tabindex=\"0\" name=\"ajouter-la-liste-de-souhaits\" aria-label=\"Ajouter &agrave; la liste de souhaits\" class=\"tinvwl_add_to_wishlist_button tinvwl-icon-custom no-txt  tinvwl-position-before tinvwl-loop\" data-tinv-wl-list=\"[]\" data-tinv-wl-product=\"287\" data-tinv-wl-productvariation=\"0\" data-tinv-wl-productvariations=\"[]\" data-tinv-wl-producttype=\"simple\" data-tinv-wl-action=\"add\"><img decoding=\"async\" src=\"https:\/\/hono.tn\/wp-content\/uploads\/2025\/12\/heart-on.png\" alt=\"Already In Wishlist\" class=\"icon-already-on-wishlist\" \/> <img decoding=\"async\" src=\"https:\/\/hono.tn\/wp-content\/uploads\/2025\/12\/favorite.png\" alt=\"Ajouter &agrave; la liste de souhaits\" class=\"icon-add-on-wishlist\"  \/> <\/a><div class=\"tinv-wishlist-clear\"><\/div>\t\t<div\r\n\t\tclass=\"tinvwl-tooltip\">Ajouter &agrave; la liste de souhaits<\/div>\r\n<\/div>\r\n<a href=\"\/index.php\/wp-json\/wp\/v2\/pages\/1437?add-to-cart=287\" aria-describedby=\"woocommerce_loop_add_to_cart_link_describedby_287\" data-quantity=\"1\" class=\"button product_type_simple add_to_cart_button ajax_add_to_cart\" data-product_id=\"287\" data-product_sku=\"\" aria-label=\"Ajouter au panier\u00a0: &ldquo;Office chair&rdquo;\" rel=\"nofollow\" data-success_message=\"\u00ab\u00a0Office chair\u00a0\u00bb a \u00e9t\u00e9 ajout\u00e9 \u00e0 votre panier\" role=\"button\">Ajouter au panier<\/a>\t<span id=\"woocommerce_loop_add_to_cart_link_describedby_287\" class=\"screen-reader-text\">\n\t\t\t<\/span>\n<\/li>\n<li class=\"product type-product post-26 status-publish instock product_cat-chairs product_cat-promotions has-post-thumbnail sale taxable shipping-taxable purchasable product-type-simple\">\n\t<a href=\"https:\/\/hono.tn\/index.php\/product\/elegant-chair\/\" class=\"woocommerce-LoopProduct-link woocommerce-loop-product__link\">\n\t<span class=\"onsale\" data-shape=\"type-1\">20% OFF<\/span>\n\t<img loading=\"lazy\" decoding=\"async\" width=\"300\" height=\"300\" src=\"https:\/\/hono.tn\/wp-content\/uploads\/2021\/04\/chair-1@2x-300x300.jpg\" class=\"attachment-woocommerce_thumbnail size-woocommerce_thumbnail\" alt=\"Elegant chair\" srcset=\"https:\/\/hono.tn\/wp-content\/uploads\/2021\/04\/chair-1@2x-300x300.jpg 300w, https:\/\/hono.tn\/wp-content\/uploads\/2021\/04\/chair-1@2x-100x100.jpg 100w, https:\/\/hono.tn\/wp-content\/uploads\/2021\/04\/chair-1@2x-150x150.jpg 150w\" sizes=\"(max-width: 300px) 100vw, 300px\" \/><h2 class=\"woocommerce-loop-product__title\">Elegant chair<\/h2>\n\t<span class=\"price\"><span class=\"sale-price\"><del aria-hidden=\"true\"><span class=\"woocommerce-Price-amount amount\"><bdi>50,000 <span class=\"woocommerce-Price-currencySymbol\">TND<\/span><\/bdi><\/span><\/del> <span class=\"screen-reader-text\">Le prix initial \u00e9tait\u00a0: 50,000 TND.<\/span><ins aria-hidden=\"true\"><span class=\"woocommerce-Price-amount amount\"><bdi>40,000 <span class=\"woocommerce-Price-currencySymbol\">TND<\/span><\/bdi><\/span><\/ins><span class=\"screen-reader-text\">Le prix actuel est\u00a0: 40,000 TND.<\/span><\/span><\/span>\n<\/a><div class=\"tinv-wraper woocommerce tinv-wishlist tinvwl-before-add-to-cart tinvwl-loop-button-wrapper tinvwl-woocommerce_after_shop_loop_item\"\r\n\t data-tinvwl_product_id=\"26\">\r\n\t<a role=\"button\" tabindex=\"0\" name=\"ajouter-la-liste-de-souhaits\" aria-label=\"Ajouter &agrave; la liste de souhaits\" class=\"tinvwl_add_to_wishlist_button tinvwl-icon-custom no-txt  tinvwl-position-before tinvwl-loop\" data-tinv-wl-list=\"[]\" data-tinv-wl-product=\"26\" data-tinv-wl-productvariation=\"0\" data-tinv-wl-productvariations=\"[]\" data-tinv-wl-producttype=\"simple\" data-tinv-wl-action=\"add\"><img decoding=\"async\" src=\"https:\/\/hono.tn\/wp-content\/uploads\/2025\/12\/heart-on.png\" alt=\"Already In Wishlist\" class=\"icon-already-on-wishlist\" \/> <img decoding=\"async\" src=\"https:\/\/hono.tn\/wp-content\/uploads\/2025\/12\/favorite.png\" alt=\"Ajouter &agrave; la liste de souhaits\" class=\"icon-add-on-wishlist\"  \/> <\/a><div class=\"tinv-wishlist-clear\"><\/div>\t\t<div\r\n\t\tclass=\"tinvwl-tooltip\">Ajouter &agrave; la liste de souhaits<\/div>\r\n<\/div>\r\n<a href=\"\/index.php\/wp-json\/wp\/v2\/pages\/1437?add-to-cart=26\" aria-describedby=\"woocommerce_loop_add_to_cart_link_describedby_26\" data-quantity=\"1\" class=\"button product_type_simple add_to_cart_button ajax_add_to_cart\" data-product_id=\"26\" data-product_sku=\"\" aria-label=\"Ajouter au panier\u00a0: &ldquo;Elegant chair&rdquo;\" rel=\"nofollow\" data-success_message=\"\u00ab\u00a0Elegant chair\u00a0\u00bb a \u00e9t\u00e9 ajout\u00e9 \u00e0 votre panier\" role=\"button\">Ajouter au panier<\/a>\t<span id=\"woocommerce_loop_add_to_cart_link_describedby_26\" class=\"screen-reader-text\">\n\t\t\t<\/span>\n<\/li>\n<\/ul>\n<\/div>\n\n\n\n<p><\/p>\n","protected":false},"excerpt":{"rendered":"","protected":false},"author":1,"featured_media":0,"parent":0,"menu_order":0,"comment_status":"closed","ping_status":"closed","template":"elementor_theme","meta":{"footnotes":""},"class_list":["post-1437","page","type-page","status-publish","hentry"],"blocksy_meta":[],"_links":{"self":[{"href":"https:\/\/hono.tn\/index.php\/wp-json\/wp\/v2\/pages\/1437","targetHints":{"allow":["GET"]}}],"collection":[{"href":"https:\/\/hono.tn\/index.php\/wp-json\/wp\/v2\/pages"}],"about":[{"href":"https:\/\/hono.tn\/index.php\/wp-json\/wp\/v2\/types\/page"}],"author":[{"embeddable":true,"href":"https:\/\/hono.tn\/index.php\/wp-json\/wp\/v2\/users\/1"}],"replies":[{"embeddable":true,"href":"https:\/\/hono.tn\/index.php\/wp-json\/wp\/v2\/comments?post=1437"}],"version-history":[{"count":1,"href":"https:\/\/hono.tn\/index.php\/wp-json\/wp\/v2\/pages\/1437\/revisions"}],"predecessor-version":[{"id":1438,"href":"https:\/\/hono.tn\/index.php\/wp-json\/wp\/v2\/pages\/1437\/revisions\/1438"}],"wp:attachment":[{"href":"https:\/\/hono.tn\/index.php\/wp-json\/wp\/v2\/media?parent=1437"}],"curies":[{"name":"wp","href":"https:\/\/api.w.org\/{rel}","templated":true}]}}