{"id":1388,"date":"2025-11-08T23:20:49","date_gmt":"2025-11-08T22:20:49","guid":{"rendered":"http:\/\/localhost\/wordpress\/?page_id=1388"},"modified":"2026-01-24T19:51:59","modified_gmt":"2026-01-24T18:51:59","slug":"wishlist","status":"publish","type":"page","link":"https:\/\/hono.tn\/index.php\/wishlist\/","title":{"rendered":"Mes choix pr\u00e9f\u00e9r\u00e9s"},"content":{"rendered":"<div class=\"tinv-wishlist woocommerce tinv-wishlist-clear\">\r\n\t<div class=\"tinv-header\">\r\n\t<h2><\/h2>\r\n\t<\/div>\r\n\t\t<p class=\"cart-empty woocommerce-info\">\r\n\t\t\t\t\tVotre liste de souhaits est vide.\t\t\t<\/p>\r\n\r\n\t\r\n\t<p class=\"return-to-shop\">\r\n\t\t<a class=\"button wc-backward\"\r\n\t\t   href=\"https:\/\/hono.tn\/index.php\/shop\/\">Retour \u00e0 la boutique<\/a>\r\n\t<\/p>\r\n<\/div>\r\n\n","protected":false},"excerpt":{"rendered":"","protected":false},"author":1,"featured_media":0,"parent":0,"menu_order":0,"comment_status":"closed","ping_status":"closed","template":"","meta":{"footnotes":""},"class_list":["post-1388","page","type-page","status-publish","hentry"],"blocksy_meta":[],"_links":{"self":[{"href":"https:\/\/hono.tn\/index.php\/wp-json\/wp\/v2\/pages\/1388","targetHints":{"allow":["GET"]}}],"collection":[{"href":"https:\/\/hono.tn\/index.php\/wp-json\/wp\/v2\/pages"}],"about":[{"href":"https:\/\/hono.tn\/index.php\/wp-json\/wp\/v2\/types\/page"}],"author":[{"embeddable":true,"href":"https:\/\/hono.tn\/index.php\/wp-json\/wp\/v2\/users\/1"}],"replies":[{"embeddable":true,"href":"https:\/\/hono.tn\/index.php\/wp-json\/wp\/v2\/comments?post=1388"}],"version-history":[{"count":2,"href":"https:\/\/hono.tn\/index.php\/wp-json\/wp\/v2\/pages\/1388\/revisions"}],"predecessor-version":[{"id":2493,"href":"https:\/\/hono.tn\/index.php\/wp-json\/wp\/v2\/pages\/1388\/revisions\/2493"}],"wp:attachment":[{"href":"https:\/\/hono.tn\/index.php\/wp-json\/wp\/v2\/media?parent=1388"}],"curies":[{"name":"wp","href":"https:\/\/api.w.org\/{rel}","templated":true}]}}